{"id":2082,"date":"2026-03-20T14:27:20","date_gmt":"2026-03-20T13:27:20","guid":{"rendered":"https:\/\/xn--psicoterapialauramuoz-ubc.com\/supervisio-per-a-professionals-de-la-salut\/"},"modified":"2026-03-20T19:41:00","modified_gmt":"2026-03-20T18:41:00","slug":"supervisio-per-a-professionals-de-la-salut","status":"publish","type":"page","link":"https:\/\/xn--psicoterapialauramuoz-ubc.com\/ca\/supervisio-per-a-professionals-de-la-salut\/","title":{"rendered":"Supervisi\u00f3 per a professionals de la salut"},"content":{"rendered":"<p>[et_pb_section fb_built=&#8221;1&#8243; custom_padding_last_edited=&#8221;on|phone&#8221; _builder_version=&#8221;4.27.4&#8243; _module_preset=&#8221;default&#8221; use_background_color_gradient=&#8221;on&#8221; background_color_gradient_stops=&#8221;rgba(255,255,255,0.5) 21%|rgba(212,161,19,0.48) 100%&#8221; background_color_gradient_overlays_image=&#8221;on&#8221; background_image=&#8221;https:\/\/xn--psicoterapialauramuoz-ubc.com\/wp-content\/uploads\/2025\/03\/fondo-blog.jpg&#8221; parallax=&#8221;on&#8221; parallax_method=&#8221;off&#8221; min_height=&#8221;35vh&#8221; custom_padding=&#8221;4em||5em||false|false&#8221; custom_padding_tablet=&#8221;2em||7em||false|false&#8221; custom_padding_phone=&#8221;2em||6em||false|false&#8221; locked=&#8221;off&#8221; global_colors_info=&#8221;{}&#8221;][et_pb_row use_custom_gutter=&#8221;on&#8221; _builder_version=&#8221;4.27.4&#8243; _module_preset=&#8221;default&#8221; custom_padding=&#8221;||0px||false|false&#8221; global_colors_info=&#8221;{}&#8221;][et_pb_column type=&#8221;4_4&#8243; _builder_version=&#8221;4.27.4&#8243; _module_preset=&#8221;default&#8221; global_colors_info=&#8221;{}&#8221;][et_pb_text _builder_version=&#8221;4.27.6&#8243; _module_preset=&#8221;default&#8221; header_font=&#8221;||||||||&#8221; header_font_size=&#8221;3em&#8221; header_line_height=&#8221;1.2em&#8221; header_font_size_tablet=&#8221;2em&#8221; header_font_size_phone=&#8221;1.5em&#8221; header_font_size_last_edited=&#8221;on|phone&#8221; header_2_font_size_tablet=&#8221;&#8221; header_2_font_size_phone=&#8221;&#8221; header_2_font_size_last_edited=&#8221;on|desktop&#8221; global_colors_info=&#8221;{}&#8221;]<\/p>\n<h1>Supervisi\u00f3 per<br \/>a professionals de la salut<\/h1>\n<p>[\/et_pb_text][\/et_pb_column][\/et_pb_row][\/et_pb_section][et_pb_section fb_built=&#8221;1&#8243; _builder_version=&#8221;4.27.4&#8243; _module_preset=&#8221;default&#8221; global_colors_info=&#8221;{}&#8221;][et_pb_row column_structure=&#8221;1_5,3_5,1_5&#8243; _builder_version=&#8221;4.27.4&#8243; _module_preset=&#8221;default&#8221; custom_margin_last_edited=&#8221;off|phone&#8221; global_colors_info=&#8221;{}&#8221;][et_pb_column type=&#8221;1_5&#8243; _builder_version=&#8221;4.27.4&#8243; _module_preset=&#8221;default&#8221; global_colors_info=&#8221;{}&#8221;][\/et_pb_column][et_pb_column type=&#8221;3_5&#8243; _builder_version=&#8221;4.27.4&#8243; _module_preset=&#8221;default&#8221; global_colors_info=&#8221;{}&#8221;][et_pb_text _builder_version=&#8221;4.27.6&#8243; _module_preset=&#8221;default&#8221; text_font=&#8221;||||||||&#8221; header_2_font=&#8221;|300|||||||&#8221; header_2_font_size=&#8221;2.5em&#8221; header_2_letter_spacing=&#8221;1px&#8221; header_2_line_height=&#8221;1.1em&#8221; text_orientation=&#8221;center&#8221; custom_margin_tablet=&#8221;&#8221; custom_margin_phone=&#8221;-3em||||false|false&#8221; custom_margin_last_edited=&#8221;on|phone&#8221; header_2_font_size_tablet=&#8221;2.5em&#8221; header_2_font_size_phone=&#8221;1.5em&#8221; header_2_font_size_last_edited=&#8221;on|phone&#8221; locked=&#8221;off&#8221; global_colors_info=&#8221;{}&#8221;]<\/p>\n<p>Acompanyar a altres persones en el seu m\u00f3n intern i extern, \u00e9s una professi\u00f3 que ens demana atenci\u00f3, pres\u00e8ncia, cor, empatia, responsabilitat i cura (entre d\u2019altres coses). \u00c9s per aquest motiu que \u00e9s important ser acompanyades a la tasca d&#8217;acompanyar, o dit d&#8217;una altra manera, fer supervisi\u00f3. <\/p>\n<p>[\/et_pb_text][\/et_pb_column][et_pb_column type=&#8221;1_5&#8243; _builder_version=&#8221;4.27.4&#8243; _module_preset=&#8221;default&#8221; global_colors_info=&#8221;{}&#8221;][\/et_pb_column][\/et_pb_row][\/et_pb_section][et_pb_section fb_built=&#8221;1&#8243; _builder_version=&#8221;4.27.4&#8243; _module_preset=&#8221;default&#8221; custom_padding=&#8221;0px||||false|false&#8221; locked=&#8221;off&#8221; global_colors_info=&#8221;{}&#8221;][et_pb_row use_custom_gutter=&#8221;on&#8221; gutter_width=&#8221;1&#8243; custom_padding_last_edited=&#8221;on|tablet&#8221; _builder_version=&#8221;4.27.4&#8243; _module_preset=&#8221;default&#8221; background_color=&#8221;rgba(212,161,19,0.2)&#8221; custom_padding=&#8221;4em|5em|4em|5em|true|true&#8221; custom_padding_tablet=&#8221;4em|5em|4em|5em|true|true&#8221; custom_padding_phone=&#8221;2em|2em|2em|2em|true|true&#8221; global_colors_info=&#8221;{}&#8221;][et_pb_column type=&#8221;4_4&#8243; _builder_version=&#8221;4.27.4&#8243; _module_preset=&#8221;default&#8221; global_colors_info=&#8221;{}&#8221;][et_pb_text _builder_version=&#8221;4.27.6&#8243; _module_preset=&#8221;default&#8221; text_font=&#8221;&#8211;et_global_heading_font||||||||&#8221; text_text_color=&#8221;#333333&#8243; text_font_size=&#8221;1.4em&#8221; text_line_height=&#8221;1.5em&#8221; text_orientation=&#8221;center&#8221; text_font_size_tablet=&#8221;1.4em&#8221; text_font_size_phone=&#8221;1.2em&#8221; text_font_size_last_edited=&#8221;on|phone&#8221; locked=&#8221;off&#8221; global_colors_info=&#8221;{}&#8221;]<\/p>\n<p>Supervisar ens aporta cura a nosaltres i a la relaci\u00f3 amb la persona que acompanyem.<\/p>\n<p>[\/et_pb_text][\/et_pb_column][\/et_pb_row][\/et_pb_section][et_pb_section fb_built=&#8221;1&#8243; custom_padding_last_edited=&#8221;on|phone&#8221; _builder_version=&#8221;4.27.4&#8243; _module_preset=&#8221;default&#8221; background_enable_color=&#8221;off&#8221; custom_padding=&#8221;16px|||||&#8221; custom_padding_tablet=&#8221;&#8221; custom_padding_phone=&#8221;0px||||false|false&#8221; global_colors_info=&#8221;{}&#8221;][et_pb_row column_structure=&#8221;1_2,1_2&#8243; _builder_version=&#8221;4.27.6&#8243; _module_preset=&#8221;default&#8221; global_colors_info=&#8221;{}&#8221;][et_pb_column type=&#8221;1_2&#8243; _builder_version=&#8221;4.27.4&#8243; _module_preset=&#8221;default&#8221; global_colors_info=&#8221;{}&#8221;][et_pb_text _builder_version=&#8221;4.27.6&#8243; _module_preset=&#8221;default&#8221; text_font=&#8221;||||||||&#8221; header_2_font=&#8221;|300|||||||&#8221; header_2_font_size=&#8221;2.5em&#8221; header_2_letter_spacing=&#8221;1px&#8221; header_2_line_height=&#8221;1.1em&#8221; custom_margin_tablet=&#8221;||-1em||false|false&#8221; custom_margin_phone=&#8221;||-1em||false|false&#8221; custom_margin_last_edited=&#8221;on|tablet&#8221; header_2_font_size_tablet=&#8221;2.5em&#8221; header_2_font_size_phone=&#8221;1.5em&#8221; header_2_font_size_last_edited=&#8221;on|phone&#8221; locked=&#8221;off&#8221; global_colors_info=&#8221;{}&#8221;]<\/p>\n<p>Les persones que acompanyem a altres en la relaci\u00f3 d&#8217;ajuda, \u00e9s necessari que ens supervisem per a saber <strong>des d&#8217;on estem acompanyant, com estem acompanyant i qu\u00e8 ens passa quan acompanyem<\/strong>. \u00c9s important estar conscients d&#8217;aquests aspectes ja que interfereixen en el nostre estar i fer, i per tant, en la relaci\u00f3 terap\u00e8utica. <\/p>\n<p>Quan acompanyem a altres persones, nosaltres som l&#8217;eina i necessitem estar atentes a all\u00f2 que ens passa individualment, en la relaci\u00f3 i qu\u00e8 posem en ella. A m\u00e9s consci\u00e8ncia en el que em passa en el meu m\u00f3n intern, m\u00e9s clara estar\u00e9 en la relaci\u00f3 amb l&#8217;altra persona. <\/p>\n<p>[\/et_pb_text][\/et_pb_column][et_pb_column type=&#8221;1_2&#8243; _builder_version=&#8221;4.27.4&#8243; _module_preset=&#8221;default&#8221; global_colors_info=&#8221;{}&#8221;][et_pb_text _builder_version=&#8221;4.27.6&#8243; _module_preset=&#8221;default&#8221; text_font=&#8221;||||||||&#8221; header_2_font=&#8221;|300|||||||&#8221; header_2_font_size=&#8221;2.5em&#8221; header_2_letter_spacing=&#8221;1px&#8221; header_2_line_height=&#8221;1.1em&#8221; header_2_font_size_tablet=&#8221;2.5em&#8221; header_2_font_size_phone=&#8221;1.5em&#8221; header_2_font_size_last_edited=&#8221;on|phone&#8221; locked=&#8221;off&#8221; global_colors_info=&#8221;{}&#8221;]En la supervisi\u00f3 abordarem temes com:<\/p>\n<ul>\n<li>El tipus de relaci\u00f3 amb la persona que acompanyes.<\/li>\n<li>Qu\u00e8 et passa amb el tema que porta la persona a la sessi\u00f3 o en l&#8217;espai d&#8217;acompanyament.<\/li>\n<li>Com acompanyes a les persones.<\/li>\n<li>El lloc intern des del qual acompanyes.<\/li>\n<li>El rol principal que ocupes quan acompanyes.<\/li>\n<li>Com et cuides en la relaci\u00f3 i en la professi\u00f3.<\/li>\n<li>Els l\u00edmits de la relaci\u00f3 d&#8217;ajuda.<\/li>\n<\/ul>\n<p>[\/et_pb_text][\/et_pb_column][\/et_pb_row][et_pb_row column_structure=&#8221;1_3,2_3&#8243; use_custom_gutter=&#8221;on&#8221; gutter_width=&#8221;3&#8243; make_equal=&#8221;on&#8221; _builder_version=&#8221;4.27.4&#8243; _module_preset=&#8221;default&#8221; width_tablet=&#8221;80%&#8221; width_last_edited=&#8221;off|phone&#8221; max_width=&#8221;800px&#8221; min_height=&#8221;374.1px&#8221; custom_margin=&#8221;14px|auto||auto||&#8221; custom_padding=&#8221;||0px||false|false&#8221; global_colors_info=&#8221;{}&#8221;][et_pb_column type=&#8221;1_3&#8243; _builder_version=&#8221;4.27.4&#8243; _module_preset=&#8221;default&#8221; global_colors_info=&#8221;{}&#8221;][et_pb_image src=&#8221;https:\/\/xn--psicoterapialauramuoz-ubc.com\/wp-content\/uploads\/2026\/03\/acomp-902.jpg&#8221; align=&#8221;center&#8221; _builder_version=&#8221;4.27.6&#8243; _module_preset=&#8221;default&#8221; width_tablet=&#8221;50%&#8221; width_phone=&#8221;75%&#8221; width_last_edited=&#8221;on|phone&#8221; global_colors_info=&#8221;{}&#8221;][\/et_pb_image][\/et_pb_column][et_pb_column type=&#8221;2_3&#8243; _builder_version=&#8221;4.27.4&#8243; _module_preset=&#8221;default&#8221; global_colors_info=&#8221;{}&#8221;][et_pb_text _builder_version=&#8221;4.27.6&#8243; _module_preset=&#8221;default&#8221; text_font=&#8221;||||||||&#8221; header_2_font=&#8221;|300|||||||&#8221; header_2_font_size=&#8221;2.5em&#8221; header_2_letter_spacing=&#8221;1px&#8221; header_2_line_height=&#8221;1.1em&#8221; positioning=&#8221;absolute&#8221; position_origin_a=&#8221;center_center&#8221; position_origin_a_tablet=&#8221;center_center&#8221; position_origin_a_phone=&#8221;center_center&#8221; position_origin_a_last_edited=&#8221;on|desktop&#8221; position_origin_f_tablet=&#8221;&#8221; position_origin_f_phone=&#8221;&#8221; position_origin_f_last_edited=&#8221;on|desktop&#8221; position_origin_r_tablet=&#8221;&#8221; position_origin_r_phone=&#8221;&#8221; position_origin_r_last_edited=&#8221;on|desktop&#8221; width=&#8221;100%&#8221; header_2_font_size_tablet=&#8221;2.5em&#8221; header_2_font_size_phone=&#8221;1.5em&#8221; header_2_font_size_last_edited=&#8221;on|phone&#8221; positioning_tablet=&#8221;none&#8221; positioning_phone=&#8221;none&#8221; positioning_last_edited=&#8221;on|desktop&#8221; locked=&#8221;off&#8221; global_colors_info=&#8221;{}&#8221;]<\/p>\n<p>Entre altres possibilitats que puguem trobar-nos durant la supervisi\u00f3.<\/p>\n<p>Aquest espai \u00e9s per a tu si et dediques a l&#8217;\u00e0mbit de la salut, tant si \u00e9s en la sanitat p\u00fablica com en la pr\u00e0ctica privada, en tota l&#8217;amplitud de professions que existeixen (psicologia, medicina, educaci\u00f3 i treball social, infermeria\u2026).<\/p>\n<p>En aquests moments, el format que ofereixo \u00e9s de supervisi\u00f3 individual.<\/p>\n<p>[\/et_pb_text][\/et_pb_column][\/et_pb_row][\/et_pb_section]<\/p>\n","protected":false},"excerpt":{"rendered":"<p>Supervisi\u00f3 pera professionals de la salutAcompanyar a altres persones en el seu m\u00f3n intern i extern, \u00e9s una professi\u00f3 que ens demana atenci\u00f3, pres\u00e8ncia, cor, empatia, responsabilitat i cura (entre d\u2019altres coses). \u00c9s per aquest motiu que \u00e9s important ser acompanyades a la tasca d&#8217;acompanyar, o dit d&#8217;una altra manera, fer supervisi\u00f3. Supervisar ens aporta [&hellip;]<\/p>\n","protected":false},"author":1,"featured_media":0,"parent":0,"menu_order":0,"comment_status":"closed","ping_status":"closed","template":"","meta":{"_et_pb_use_builder":"on","_et_pb_old_content":"","_et_gb_content_width":"","footnotes":""},"class_list":["post-2082","page","type-page","status-publish","hentry"],"_links":{"self":[{"href":"https:\/\/xn--psicoterapialauramuoz-ubc.com\/ca\/wp-json\/wp\/v2\/pages\/2082","targetHints":{"allow":["GET"]}}],"collection":[{"href":"https:\/\/xn--psicoterapialauramuoz-ubc.com\/ca\/wp-json\/wp\/v2\/pages"}],"about":[{"href":"https:\/\/xn--psicoterapialauramuoz-ubc.com\/ca\/wp-json\/wp\/v2\/types\/page"}],"author":[{"embeddable":true,"href":"https:\/\/xn--psicoterapialauramuoz-ubc.com\/ca\/wp-json\/wp\/v2\/users\/1"}],"replies":[{"embeddable":true,"href":"https:\/\/xn--psicoterapialauramuoz-ubc.com\/ca\/wp-json\/wp\/v2\/comments?post=2082"}],"version-history":[{"count":4,"href":"https:\/\/xn--psicoterapialauramuoz-ubc.com\/ca\/wp-json\/wp\/v2\/pages\/2082\/revisions"}],"predecessor-version":[{"id":2095,"href":"https:\/\/xn--psicoterapialauramuoz-ubc.com\/ca\/wp-json\/wp\/v2\/pages\/2082\/revisions\/2095"}],"wp:attachment":[{"href":"https:\/\/xn--psicoterapialauramuoz-ubc.com\/ca\/wp-json\/wp\/v2\/media?parent=2082"}],"curies":[{"name":"wp","href":"https:\/\/api.w.org\/{rel}","templated":true}]}}