{"id":2005,"date":"2018-01-21T20:36:34","date_gmt":"2018-01-21T19:36:34","guid":{"rendered":"https:\/\/xn--psicoterapialauramuoz-ubc.com\/politica-de-privacitat\/"},"modified":"2025-10-13T14:59:13","modified_gmt":"2025-10-13T12:59:13","slug":"politica-de-privacitat","status":"publish","type":"page","link":"https:\/\/xn--psicoterapialauramuoz-ubc.com\/ca\/politica-de-privacitat\/","title":{"rendered":"Pol\u00edtica de privacitat"},"content":{"rendered":"<p>[et_pb_section fb_built=&#8221;1&#8243; _builder_version=&#8221;4.16&#8243; global_colors_info=&#8221;{}&#8221;][et_pb_row _builder_version=&#8221;4.16&#8243; background_size=&#8221;initial&#8221; background_position=&#8221;top_left&#8221; background_repeat=&#8221;repeat&#8221; global_colors_info=&#8221;{}&#8221;][et_pb_column type=&#8221;4_4&#8243; _builder_version=&#8221;4.16&#8243; custom_padding=&#8221;|||&#8221; global_colors_info=&#8221;{}&#8221; custom_padding__hover=&#8221;|||&#8221;][et_pb_text admin_label=&#8221;Aviso legal&#8221; _builder_version=&#8221;4.16&#8243; global_colors_info=&#8221;{}&#8221;]<\/p>\n<h1>Pol\u00edtica de privacitat<\/h1>\n<p>[\/et_pb_text][et_pb_text _builder_version=&#8221;4.27.4&#8243; _module_preset=&#8221;default&#8221; sticky_enabled=&#8221;0&#8243; header_2_font_size=&#8221;1.5em&#8221; header_3_font_size=&#8221;1.5em&#8221; header_2_line_height=&#8221;1.2em&#8221; header_3_line_height=&#8221;1.2em&#8221; hover_enabled=&#8221;0&#8243;]<\/p>\n<h2>1. INFORMACI\u00d3 A L&#8217;USUARI <b><\/b><b><br \/><\/b><\/h2>\n<h3>Qui \u00e9s el responsable del tractament de les teves dades personals?<\/h3>\n<p>Laura Mu\u00f1oz Hurtado \u00e9s el RESPONSABLE del tractament de les dades personals de l&#8217;USUARI i l&#8217;informa que aquestes dades seran tractades de conformitat amb el que es disposa en el Reglament (UE) 2016\/679, de 27 d&#8217;abril (GDPR), i la Llei org\u00e0nica 3\/2018, de 5 de desembre (LOPDGDD). <\/p>\n<h3>Per a qu\u00e8 tractem les teves dades personals?<\/h3>\n<p><span style=\"font-weight: 400;\">Per a mantenir una relaci\u00f3 comercial amb l&#8217;usuari. Les operacions previstes per a realitzar el tractament s\u00f3n:  <\/span><\/p>\n<p><span style=\"font-weight: 400;\">Remissi\u00f3 de comunicacions comercials publicit\u00e0ries per e-mail, fax, SMS, MMS, xarxes socials o qualsevol altre mitj\u00e0 electr\u00f2nic o f\u00edsic, present o futur, que possibiliti realitzar comunicacions comercials. Aquestes comunicacions seran realitzades pel RESPONSABLE i estaran relacionades amb els seus productes i serveis, o dels seus col\u00b7laboradors o prove\u00efdors, amb els quals aquest hagi aconseguit algun acord de promoci\u00f3. En aquest cas, els tercers mai tindran acc\u00e9s a les dades personals.   <\/span><\/p>\n<p><span style=\"font-weight: 400;\">Realitzar estudis de mercat i an\u00e0lisis estad\u00edstiques. <\/span><\/p>\n<p>Tramitar enc\u00e0rrecs, sol\u00b7licituds, donar resposta a les consultes o qualsevol tipus de petici\u00f3 que sigui realitzada per l&#8217;USUARI a trav\u00e9s de qualsevol de les formes de contacte que es posen a la seva disposici\u00f3 en la p\u00e0gina web del RESPONSABLE. <\/p>\n<p>Remetre el butllet\u00ed informatiu en l\u00ednia, sobre novetats, ofertes i promocions en la nostra activitat. <\/p>\n<h3>Per quin motiu podem tractar les teves dades personals?<\/h3>\n<p><span style=\"font-weight: 400;\">Perqu\u00e8 el tractament est\u00e0 legitimat per l&#8217;article 6 del GDPR de la manera seg\u00fcent: <\/span><\/p>\n<p>Amb el consentiment de l&#8217;USUARI: remissi\u00f3 de comunicacions comercials i del butllet\u00ed informatiu. Per inter\u00e8s leg\u00edtim del RESPONSABLE: realitzar estudis de mercat, an\u00e0lisis estad\u00edstiques, etc. i tramitar enc\u00e0rrecs, sol\u00b7licituds, etc. a petici\u00f3 de l&#8217;USUARI. <\/p>\n<h3>Durant quant temps guardarem les teves dades personals?<\/h3>\n<p><span style=\"font-weight: 400;\">Es conservaran durant no m\u00e9s temps del necessari per a mantenir la fi del tractament o existeixin prescripcions legals que dictaminin la seva cust\u00f2dia i quan ja no sigui necessari per a aix\u00f2, se suprimiran amb mesures de seguretat adequades per a garantir l&#8217;anonimitzaci\u00f3 de les dades o la destrucci\u00f3 total d&#8217;aquests. <\/span><\/p>\n<h3>A qui facilitem les teves dades personals?<\/h3>\n<p>No est\u00e0 prevista cap comunicaci\u00f3 de dades personals a tercers excepte, si fos necessari per al desenvolupament i execuci\u00f3 de les finalitats del tractament, als nostres prove\u00efdors de serveis relacionats amb comunicacions, amb els quals el RESPONSABLE t\u00e9 subscrits els contractes de confidencialitat i d&#8217;encarregat de tractament exigits per la normativa vigent de privacitat. <\/p>\n<h3>Quins s\u00f3n els teus drets?<\/h3>\n<p><span style=\"font-weight: 400;\">Els drets que assisteixen a l&#8217;USUARI s\u00f3n:<\/span><span style=\"font-weight: 400;\"><br \/><\/span><\/p>\n<ul>\n<li><span style=\"font-weight: 400;\">Dret a retirar el consentiment en qualsevol moment. <\/span><\/li>\n<li>Dret d&#8217;acc\u00e9s, rectificaci\u00f3, portabilitat i supressi\u00f3 de les seves dades, i de limitaci\u00f3 o oposici\u00f3 al seu tractament.<\/li>\n<li>Dret a presentar una reclamaci\u00f3 davant l&#8217;autoritat de control (www.aepd.es) si considera que el tractament no s&#8217;ajusta a la normativa vigent. <\/li>\n<\/ul>\n<h3>Dades de contacte per a exercir els seus drets: <\/h3>\n<p><span style=\"font-weight: 400;\">Laura Mu\u00f1oz Hurtado. Carrer Ajuntament , 18 1 &#8211; 08030 Barcelona (Barcelona). E-mail: psicoterapialaura@gmail.com.   <\/span><\/p>\n<h2>2. CAR\u00c0CTER OBLIGATORI O FACULTATIU DE LA INFORMACI\u00d3 FACILITADA PER L&#8217;USUARI<\/h2>\n<p><span style=\"font-weight: 400;\">Els USUARIS, mitjan\u00e7ant la marcaci\u00f3 de les caselles corresponents i l&#8217;entrada de dades en els camps, marcats amb un asterisc () en el formulari de contacte o presentats en formularis de desc\u00e0rrega, accepten expressament i de manera lliure i inequ\u00edvoca, que les seves dades s\u00f3n necess\u00e0ries per a atendre la seva petici\u00f3, per part del prestador, sent volunt\u00e0ria la inclusi\u00f3 de dades en els camps restants. L&#8217;USUARI garanteix que les dades personals facilitades al RESPONSABLE s\u00f3n vera\u00e7os i es fa responsable de comunicar qualsevol modificaci\u00f3 d&#8217;aquests.  <\/span><\/p>\n<p><span style=\"font-weight: 400;\">El RESPONSABLE informa que totes les dades sol\u00b7licitades a trav\u00e9s del lloc web s\u00f3n obligatoris, ja que s\u00f3n necessaris per a la prestaci\u00f3 d&#8217;un servei \u00f2ptim a l&#8217;USUARI. En cas que no es facilitin totes les dades, no es garanteix que la informaci\u00f3 i serveis facilitats siguin completament ajustats a les seves necessitats.  <\/span><\/p>\n<h2>3. MESURES DE SEGURETAT<\/h2>\n<p><span style=\"font-weight: 400;\">Que de conformitat amb el que es disposa en les normatives vigents en protecci\u00f3 de dades personals, el RESPONSABLE est\u00e0 complint amb totes les disposicions de les normatives GDPR i LOPDGDD per al tractament de les dades personals de la seva responsabilitat, i manifestament amb els principis descrits en l&#8217;article 5 del GDPR, pels quals s\u00f3n tractats de manera l\u00edcita, lleial i transparent en relaci\u00f3 amb l&#8217;interessat i adequats, pertinents i limitats al necessari en relaci\u00f3 amb els fins per als quals s\u00f3n tractats. <\/span><\/p>\n<p><span style=\"font-weight: 400;\">El RESPONSABLE garanteix que ha implementat pol\u00edtiques t\u00e8cniques i organitzatives apropiades per a aplicar les mesures de seguretat que estableixen el GDPR i la LOPDGDD amb la finalitat de protegir els drets i llibertats dels USUARIS i els ha comunicat la informaci\u00f3 adequada perqu\u00e8 puguin exercir-los. <\/span><\/p>\n<p><span style=\"font-weight: 400;\">Per a m\u00e9s informaci\u00f3 sobre les garanties de privacitat, pots dirigir-te al RESPONSABLE a trav\u00e9s de Laura Mu\u00f1oz Hurtado. Carrer Ajuntament , 18 1 &#8211; 08030 Barcelona (Barcelona).  E-mail: psicoterapialaura@gmail.com<\/span><\/p>\n<p>[\/et_pb_text][\/et_pb_column][\/et_pb_row][\/et_pb_section]<\/p>\n","protected":false},"excerpt":{"rendered":"<p>Pol\u00edtica de privacitat1. INFORMACI\u00d3 A L&#8217;USUARI Qui \u00e9s el responsable del tractament de les teves dades personals? Laura Mu\u00f1oz Hurtado \u00e9s el RESPONSABLE del tractament de les dades personals de l&#8217;USUARI i l&#8217;informa que aquestes dades seran tractades de conformitat amb el que es disposa en el Reglament (UE) 2016\/679, de 27 d&#8217;abril (GDPR), i [&hellip;]<\/p>\n","protected":false},"author":1,"featured_media":0,"parent":0,"menu_order":0,"comment_status":"closed","ping_status":"closed","template":"","meta":{"_et_pb_use_builder":"on","_et_pb_old_content":"","_et_gb_content_width":"","footnotes":""},"class_list":["post-2005","page","type-page","status-publish","hentry"],"_links":{"self":[{"href":"https:\/\/xn--psicoterapialauramuoz-ubc.com\/ca\/wp-json\/wp\/v2\/pages\/2005","targetHints":{"allow":["GET"]}}],"collection":[{"href":"https:\/\/xn--psicoterapialauramuoz-ubc.com\/ca\/wp-json\/wp\/v2\/pages"}],"about":[{"href":"https:\/\/xn--psicoterapialauramuoz-ubc.com\/ca\/wp-json\/wp\/v2\/types\/page"}],"author":[{"embeddable":true,"href":"https:\/\/xn--psicoterapialauramuoz-ubc.com\/ca\/wp-json\/wp\/v2\/users\/1"}],"replies":[{"embeddable":true,"href":"https:\/\/xn--psicoterapialauramuoz-ubc.com\/ca\/wp-json\/wp\/v2\/comments?post=2005"}],"version-history":[{"count":2,"href":"https:\/\/xn--psicoterapialauramuoz-ubc.com\/ca\/wp-json\/wp\/v2\/pages\/2005\/revisions"}],"predecessor-version":[{"id":2007,"href":"https:\/\/xn--psicoterapialauramuoz-ubc.com\/ca\/wp-json\/wp\/v2\/pages\/2005\/revisions\/2007"}],"wp:attachment":[{"href":"https:\/\/xn--psicoterapialauramuoz-ubc.com\/ca\/wp-json\/wp\/v2\/media?parent=2005"}],"curies":[{"name":"wp","href":"https:\/\/api.w.org\/{rel}","templated":true}]}}