{"id":2002,"date":"2019-01-08T23:01:40","date_gmt":"2019-01-08T22:01:40","guid":{"rendered":"https:\/\/xn--psicoterapialauramuoz-ubc.com\/politica-de-cookies\/"},"modified":"2025-10-13T14:51:51","modified_gmt":"2025-10-13T12:51:51","slug":"politica-de-cookies","status":"publish","type":"page","link":"https:\/\/xn--psicoterapialauramuoz-ubc.com\/ca\/politica-de-cookies\/","title":{"rendered":"Pol\u00edtica de cookies"},"content":{"rendered":"<p>[et_pb_section fb_built=&#8221;1&#8243; _builder_version=&#8221;4.16&#8243; global_colors_info=&#8221;{}&#8221;][et_pb_row _builder_version=&#8221;4.16&#8243; background_size=&#8221;initial&#8221; background_position=&#8221;top_left&#8221; background_repeat=&#8221;repeat&#8221; global_colors_info=&#8221;{}&#8221;][et_pb_column type=&#8221;4_4&#8243; _builder_version=&#8221;4.16&#8243; custom_padding=&#8221;|||&#8221; global_colors_info=&#8221;{}&#8221; custom_padding__hover=&#8221;|||&#8221;][et_pb_text admin_label=&#8221;Pol\u00edtica de privacidad&#8221; _builder_version=&#8221;4.16&#8243; header_font=&#8221;||||||||&#8221; global_colors_info=&#8221;{}&#8221;]<\/p>\n<h1>Pol\u00edtica de cookies<\/h1>\n<p>[\/et_pb_text][et_pb_text _builder_version=&#8221;4.27.4&#8243; _module_preset=&#8221;default&#8221; global_colors_info=&#8221;{}&#8221; sticky_enabled=&#8221;0&#8243; header_2_font_size=&#8221;1.5em&#8221; header_3_font_size=&#8221;1.2em&#8221; header_2_line_height=&#8221;1.2em&#8221; header_3_line_height=&#8221;1.2em&#8221; hover_enabled=&#8221;0&#8243;]<\/p>\n<h2>INFORMACI\u00d3 SOBRE COOKIES <b><br \/><\/b><\/h2>\n<p><span style=\"font-weight: 400;\">Conforme amb la Llei 34\/2002, d&#8217;11 de juliol, de serveis de la societat de la informaci\u00f3 i de comer\u00e7 electr\u00f2nic (LSSI), en relaci\u00f3 amb el Reglament (UE) 2016\/679 del Parlament Europeu i del Consell, de 27 d&#8217;abril de 2016, General de Protecci\u00f3 de Dades (GDPR) i la Llei org\u00e0nica 3\/2018, de 5 de desembre, de Protecci\u00f3 de Dades i Garantia dels Drets Digitals (LOPDGDD), \u00e9s obligat obtenir el consentiment expr\u00e9s de l&#8217;usuari de totes les p\u00e0gines web que usen cookies prescindibles, abans que aquest navegui per elles. <\/span><\/p>\n<h2>QU\u00c8 S\u00d3N LES COOKIES?<\/h2>\n<p>Les cookies i altres tecnologies similars com ara local shared objects, flaix cookies o p\u00edxels, s\u00f3n eines emprades pels servidors Web per a emmagatzemar i recuperar informaci\u00f3 sobre els seus visitants, aix\u00ed com per a oferir un correcte funcionament del lloc. <\/p>\n<p><span style=\"font-weight: 400;\">Mitjan\u00e7ant l&#8217;\u00fas d&#8217;aquests dispositius es permet al servidor Web recordar algunes dades concernents a l&#8217;usuari, com les seves prefer\u00e8ncies per a la visualitzaci\u00f3 de les p\u00e0gines d&#8217;aquest servidor, nom i contrasenya, productes que m\u00e9s li interessen, etc. <\/span><\/p>\n<h2>COOKIES AFECTADES PER LA NORMATIVA I COOKIES EXCEPTUADES<\/h2>\n<p>Segons la directiva de la UE, les cookies que requereixen el consentiment informat per part de l&#8217;usuari s\u00f3n les cookies d&#8217;anal\u00edtica i les de publicitat i afiliaci\u00f3, quedant exceptuades les de car\u00e0cter t\u00e8cnic i les necess\u00e0ries per al funcionament del lloc web o la prestaci\u00f3 de serveis expressament sol\u00b7licitats per l&#8217;usuari. <\/p>\n<h2>TIPUS DE COOKIES<\/h2>\n<h3>SEGONS LA FINALITAT<\/h3>\n<ul>\n<li>Cookies t\u00e8cniques i funcionals: s\u00f3n aquelles que permeten a l&#8217;usuari la navegaci\u00f3 a trav\u00e9s d&#8217;una p\u00e0gina web, plataforma o aplicaci\u00f3 i la utilitzaci\u00f3 de les diferents opcions o serveis que en ella existeixin. <\/li>\n<li>Cookies anal\u00edtiques: s\u00f3n aquelles que permeten al responsable de les mateixes el seguiment i an\u00e0lisi del comportament dels usuaris dels llocs web als quals estan vinculades. La informaci\u00f3 recollida mitjan\u00e7ant aquesta mena de cookies s&#8217;utilitza en el mesurament de l&#8217;activitat dels llocs web, aplicaci\u00f3 o plataforma i per a l&#8217;elaboraci\u00f3 de perfils de navegaci\u00f3 dels usuaris d&#8217;aquests llocs, aplicacions i plataformes, amb la finalitat d&#8217;introduir millores en funci\u00f3 de l&#8217;an\u00e0lisi de les dades d&#8217;\u00fas que fan els usuaris del servei. <\/li>\n<li>Cookies publicit\u00e0ries: s\u00f3n aquelles que permeten la gesti\u00f3, de la forma m\u00e9s efica\u00e7 possible, dels espais publicitaris que, si \u00e9s el cas, l&#8217;editor hagi incl\u00f2s en una p\u00e0gina web, aplicaci\u00f3 o plataforma des de la qual presta el servei sol\u00b7licitat sobre la base de criteris com el contingut editat o la freq\u00fc\u00e8ncia en la qual es mostren els anuncis. <\/li>\n<li>Cookies de publicitat comportamental: recullen informaci\u00f3 sobre les prefer\u00e8ncies i eleccions personals de l&#8217;usuari (retargeting) per a permetre la gesti\u00f3, de la forma m\u00e9s efica\u00e7 possible, dels espais publicitaris que, si \u00e9s el cas, l&#8217;editor hagi incl\u00f2s en una p\u00e0gina web, aplicaci\u00f3 o plataforma des de la qual presta el servei sol\u00b7licitat. <\/li>\n<li>Cookies socials: s\u00f3n establertes per les plataformes de xarxes socials en els serveis per a permetre-li compartir contingut amb els seus amics i xarxes. Les plataformes de mitjans socials tenen la capacitat de rastrejar la seva activitat en l\u00ednia an\u00e9s dels Serveis. Aix\u00f2 pot afectar el contingut i els missatges que veu en altres serveis que visita. <\/li>\n<li>Cookies d&#8217;afiliats: permeten fer un seguiment de les visites procedents d&#8217;altres webs, amb les quals el lloc web estableix un contracte d&#8217;afiliaci\u00f3 (empreses d&#8217;afiliaci\u00f3). <\/li>\n<li>Cookies de seguretat: emmagatzemen informaci\u00f3 xifrada per a evitar que les dades guardades en elles siguin vulnerables a atacs maliciosos de tercers. <\/li>\n<\/ul>\n<h3>SEGONS LA PROPIETAT<\/h3>\n<ul>\n<li>Cookies pr\u00f2pies: s\u00f3n aquelles que s&#8217;envien a l&#8217;equip terminal de l&#8217;usuari des d&#8217;un equip o domini gestionat pel propi editor i des del qual es presta el servei sol\u00b7licitat per l&#8217;usuari.<\/li>\n<li>Cookies de tercers: s\u00f3n aquelles que s&#8217;envien a l&#8217;equip terminal de l&#8217;usuari des d&#8217;un equip o domini que no \u00e9s gestionat per l&#8217;editor, sin\u00f3 per una altra entitat que tracta les dades obtingudes trav\u00e9s de les cookies. <\/li>\n<\/ul>\n<h3>SEGONS EL TERMINI DE CONSERVACI\u00d3<\/h3>\n<ul>\n<li>Cookies de sessi\u00f3: s\u00f3n un tipus de cookies dissenyades per a recaptar i emmagatzemar dades mentre l&#8217;usuari accedeix a una p\u00e0gina web. <\/li>\n<li>Cookies persistents: s\u00f3n un tipus de cookies en el qual les dades segueixen emmagatzemats en el terminal i poden ser accedits i tractats durant un per\u00edode definit pel responsable de la cookie, i que pot anar d&#8217;uns minuts a diversos anys. <\/li>\n<\/ul>\n<h2>TRACTAMENT DE DADES PERSONALS<\/h2>\n<p>Laura Mu\u00f1oz Hurtado \u00e9s el Responsable del tractament de les dades personals de l&#8217;Interessat i l&#8217;informa que aquestes dades seran tractades de conformitat amb el que es disposa en el Reglament (UE) 2016\/679, de 27 d&#8217;abril de 2016 (GDPR), per la qual cosa se li facilita la seg\u00fcent informaci\u00f3 del tractament: <\/p>\n<ul>\n<li>Fins del tractament: segons s&#8217;especifica en l&#8217;apartat de cookies que s&#8217;utilitzen en aquest lloc web. <\/li>\n<li>Legitimaci\u00f3 del tractament: excepte en els casos en els quals resulti necessari per a la navegaci\u00f3 per la web, per consentiment de l&#8217;interessat (art. 6.1.a GDPR). <\/li>\n<li>Criteris de conservaci\u00f3 de les dades: segons s&#8217;especifica en l&#8217;apartat de cookies utilitzades en la web. <\/li>\n<li>Comunicaci\u00f3 de les dades: no es comunicaran les dades a tercers, excepte en cookies propietat de tercers o per obligaci\u00f3 legal. <\/li>\n<li>Drets que assisteixen a l&#8217;Interessat:\n<ul>\n<li>Dret a retirar el consentiment en qualsevol moment.<\/li>\n<li>Dret d&#8217;acc\u00e9s, rectificaci\u00f3, portabilitat i supressi\u00f3 de les seves dades, i de limitaci\u00f3 o oposici\u00f3 al seu tractament.<\/li>\n<li>Dret a presentar una reclamaci\u00f3 davant l&#8217;Autoritat de control (www.aepd.es) si considera que el tractament no s&#8217;ajusta a la normativa vigent.<\/li>\n<\/ul>\n<\/li>\n<li>Dades de contacte per a exercir els seus drets:<br \/>Laura Mu\u00f1oz Hurtado. Carrer Ajuntament , 18 1 &#8211; 08030 Barcelona (Barcelona).  E-mail: psicoterapialaura@gmail.com<\/li>\n<\/ul>\n<h2>COOKIES UTILITZADES EN AQUEST LLOC WEB <\/h2>\n<p><b>COOKIES CONTROLADES PER L&#8217;EDITOR <\/b><\/p>\n<p><span style=\"font-weight: 400;\">No s&#8217;instal\u00b7len cookies controlades per l&#8217;editor <\/span><\/p>\n<p><b>COOKIES DE TERCERS <\/b><\/p>\n<p><span style=\"font-weight: 400;\">Els serveis de tercers s\u00f3n aliens al control de l&#8217;editor. Els prove\u00efdors poden modificar en tot moment les seves condicions de servei, finalitat i utilitzaci\u00f3 de les cookies, etc.  <\/span><\/p>\n<p><b>Prove\u00efdors externs d&#8217;aquest lloc web: <\/b><\/p>\n<p><span style=\"font-weight: 400;\">No s&#8217;instal\u00b7len cookies controlades per tercers <\/span><\/p>\n<p><b>PANELL DE CONFIGURACI\u00d3 DE COOKIES <\/b><\/p>\n<p><span style=\"font-weight: 400;\">Des d&#8217;aquest panell podr\u00e0 configurar les cookies que el lloc web pot instal\u00b7lar en el seu navegador, excepte les cookies t\u00e8cniques o funcionals que s\u00f3n necess\u00e0ries per a la navegaci\u00f3 i la utilitzaci\u00f3 de les diferents opcions o serveis que s&#8217;ofereixen. <\/span><\/p>\n<p><span style=\"font-weight: 400;\">Panell de cookies <\/span><\/p>\n<p><b>COM GESTIONAR LES COOKIES DES DEL NAVEGADOR <\/b><\/p>\n<p><span style=\"font-weight: 400;\">Les cookies que ja estan en un dispositiu es poden eliminar esborrant l&#8217;historial del <\/span><span style=\"font-weight: 400;\"><br \/><\/span><\/p>\n<p><b>Eliminar les cookies del <\/b><\/p>\n<p><b>dispositiu <\/b><\/p>\n<p><b>Gestionar les cookies espec\u00edfiques del lloc <\/b><\/p>\n<p><b>Bloquejar les cookies <\/b><\/p>\n<p><span style=\"font-weight: 400;\">navegador, amb el que se suprimeixen les cookies de tots els llocs web visitats. No obstant aix\u00f2, tamb\u00e9 es pot perdre part de la informaci\u00f3 guardada (per exemple, les dades d&#8217;inici de sessi\u00f3 o les prefer\u00e8ncies de lloc web).  <\/span><\/p>\n<p><span style=\"font-weight: 400;\">Per a tenir un control m\u00e9s prec\u00eds de les cookies espec\u00edfiques de cada lloc, els usuaris poden ajustar la seva configuraci\u00f3 de privacitat i cookies en el navegador. <\/span><\/p>\n<p><span style=\"font-weight: 400;\">Encara que la majoria dels navegadors moderns es poden configurar per a evitar que s&#8217;instal\u00b7lin cookies en els dispositius, aix\u00f2 pot obligar a l&#8217;ajust manual de determinades prefer\u00e8ncies cada vegada que es visiti un lloc o p\u00e0gina. A m\u00e9s, alguns serveis i caracter\u00edstiques poden no funcionar correctament (per exemple, els inicis de sessi\u00f3 amb perfil).  <\/span><span style=\"font-weight: 400;\"><br \/><\/span><\/p>\n<p><b>COM ELIMINAR LES COOKIES DELS NAVEGADORS M\u00c9S COMUNS <\/b><\/p>\n<p><b>Chrome <\/b><span style=\"font-weight: 400;\">http:\/\/support.google.com\/chrome\/answer\/95647?hl=es <\/span> <\/p>\n<p><b>Edge <\/b><span style=\"font-weight: 400;\">https:\/\/support.microsoft.com\/es-es\/microsoft-edge\/eliminar-las-cookies-en-microsoft-edge-63947406-40ac-c3b8-57b9-2a946a29ae09 <\/span><b>Explorer <\/b><span style=\"font-weight: 400;\">https:\/\/support.microsoft.com\/es-es\/help\/278835\/how-to-delete-cookie-files-in-internet-explorer <\/span> <\/p>\n<p><b>Firefox <\/b><span style=\"font-weight: 400;\">https:\/\/www.mozilla.org\/es-ES\/privacy\/websites\/#cookies <\/span> <\/p>\n<p><b>Safari <\/b><span style=\"font-weight: 400;\">https:\/\/support.apple.com\/es-es\/guide\/safari\/sfri11471\/mac <\/span> <\/p>\n<p><b>Opera <\/b><span style=\"font-weight: 400;\">https:\/\/help.opera.com\/en\/latest\/security-and-privacy\/#clearBrowsingData<\/span><span style=\"font-weight: 400;\"><\/span><span style=\"font-weight: 400;\"> <\/span><\/p>\n<p>[\/et_pb_text][\/et_pb_column][\/et_pb_row][\/et_pb_section]<\/p>\n","protected":false},"excerpt":{"rendered":"<p>Pol\u00edtica de cookiesINFORMACI\u00d3 SOBRE COOKIES Conforme amb la Llei 34\/2002, d&#8217;11 de juliol, de serveis de la societat de la informaci\u00f3 i de comer\u00e7 electr\u00f2nic (LSSI), en relaci\u00f3 amb el Reglament (UE) 2016\/679 del Parlament Europeu i del Consell, de 27 d&#8217;abril de 2016, General de Protecci\u00f3 de Dades (GDPR) i la Llei org\u00e0nica 3\/2018, [&hellip;]<\/p>\n","protected":false},"author":1,"featured_media":0,"parent":0,"menu_order":0,"comment_status":"closed","ping_status":"closed","template":"","meta":{"_et_pb_use_builder":"on","_et_pb_old_content":"","_et_gb_content_width":"","footnotes":""},"class_list":["post-2002","page","type-page","status-publish","hentry"],"_links":{"self":[{"href":"https:\/\/xn--psicoterapialauramuoz-ubc.com\/ca\/wp-json\/wp\/v2\/pages\/2002","targetHints":{"allow":["GET"]}}],"collection":[{"href":"https:\/\/xn--psicoterapialauramuoz-ubc.com\/ca\/wp-json\/wp\/v2\/pages"}],"about":[{"href":"https:\/\/xn--psicoterapialauramuoz-ubc.com\/ca\/wp-json\/wp\/v2\/types\/page"}],"author":[{"embeddable":true,"href":"https:\/\/xn--psicoterapialauramuoz-ubc.com\/ca\/wp-json\/wp\/v2\/users\/1"}],"replies":[{"embeddable":true,"href":"https:\/\/xn--psicoterapialauramuoz-ubc.com\/ca\/wp-json\/wp\/v2\/comments?post=2002"}],"version-history":[{"count":2,"href":"https:\/\/xn--psicoterapialauramuoz-ubc.com\/ca\/wp-json\/wp\/v2\/pages\/2002\/revisions"}],"predecessor-version":[{"id":2004,"href":"https:\/\/xn--psicoterapialauramuoz-ubc.com\/ca\/wp-json\/wp\/v2\/pages\/2002\/revisions\/2004"}],"wp:attachment":[{"href":"https:\/\/xn--psicoterapialauramuoz-ubc.com\/ca\/wp-json\/wp\/v2\/media?parent=2002"}],"curies":[{"name":"wp","href":"https:\/\/api.w.org\/{rel}","templated":true}]}}