{"id":1995,"date":"2025-08-04T09:22:59","date_gmt":"2025-08-04T07:22:59","guid":{"rendered":"https:\/\/xn--psicoterapialauramuoz-ubc.com\/declaracio-daccessibilitat\/"},"modified":"2025-10-13T14:41:45","modified_gmt":"2025-10-13T12:41:45","slug":"declaracio-daccessibilitat","status":"publish","type":"page","link":"https:\/\/xn--psicoterapialauramuoz-ubc.com\/ca\/declaracio-daccessibilitat\/","title":{"rendered":"Declaraci\u00f3 d&#8217;Accessibilitat"},"content":{"rendered":"<p>[et_pb_section fb_built=&#8221;1&#8243; _builder_version=&#8221;4.27.4&#8243; _module_preset=&#8221;default&#8221; global_colors_info=&#8221;{}&#8221;][et_pb_row _builder_version=&#8221;4.27.4&#8243; _module_preset=&#8221;default&#8221; global_colors_info=&#8221;{}&#8221;][et_pb_column type=&#8221;4_4&#8243; _builder_version=&#8221;4.27.4&#8243; _module_preset=&#8221;default&#8221; global_colors_info=&#8221;{}&#8221;][et_pb_text _builder_version=&#8221;4.27.4&#8243; _module_preset=&#8221;default&#8221; global_colors_info=&#8221;{}&#8221;]<\/p>\n<h1>Declaraci\u00f3 d&#8217;Accessibilitat<\/h1>\n<p>[\/et_pb_text][et_pb_text _builder_version=&#8221;4.27.4&#8243; _module_preset=&#8221;default&#8221; hover_enabled=&#8221;0&#8243; global_colors_info=&#8221;{}&#8221; sticky_enabled=&#8221;0&#8243;]<\/p>\n<p>Laura Mu\u00f1oz s&#8217;ha comprom\u00e8s a fer accessible el seu lloc web, de conformitat amb el Reial decret 1112\/2018, de 7 de setembre, sobre accessibilitat dels llocs web i aplicacions per a dispositius m\u00f2bils.<\/p>\n<p>La present declaraci\u00f3 d&#8217;accessibilitat s&#8217;aplica al lloc web https:\/\/psicoterapialauramu\u00f1oz.com<\/p>\n<h2>Situaci\u00f3 de compliment<\/h2>\n<p>Aquest lloc web \u00e9s totalment conforme amb la norma UNE-EN 301549:2019.<\/p>\n<p>&nbsp;<\/p>\n<h2>Preparaci\u00f3 per a la seg\u00fcent declaraci\u00f3 d&#8217;accessibilitat<\/h2>\n<p>La present declaraci\u00f3 va ser preparada el 26\/03\/2025.<\/p>\n<p>El m\u00e8tode emprat per a preparar la declaraci\u00f3 ha estat una autoavaluaci\u00f3 duta a terme per l&#8217;empresa desenvolupadora de la web.<\/p>\n<p>\u00daltima revisi\u00f3 de la declaraci\u00f3: 15\/09\/2025.<\/p>\n<h2>Observacions i dades de contacte<\/h2>\n<p>Pot realitzar comunicacions sobre requisits d&#8217;accessibilitat com, per exemple:<\/p>\n<ul>\n<li>Informar sobre qualsevol possible incompliment per part d&#8217;aquest lloc web.<\/li>\n<li>Transmetre altres dificultats d&#8217;acc\u00e9s al contingut.<\/li>\n<li>Formular qualsevol altra consulta o suggeriment de millora relativa a l&#8217;accessibilitat del lloc web.<\/li>\n<\/ul>\n<p>A trav\u00e9s del formulari de contacte d&#8217;aquest lloc web o escrivint un correu electr\u00f2nic a l&#8217;adre\u00e7a psicoterapialaura@gmail.com<\/p>\n<h2>Contingut opcional<\/h2>\n<p>Aquesta web est\u00e0 dissenyada per a poder canviar la grand\u00e0ria del text i el color, aix\u00ed com el fons de la p\u00e0gina mitjan\u00e7ant les opcions de configuraci\u00f3 est\u00e0ndard dels navegadors. Si us plau consulti la documentaci\u00f3 del seu navegador per a obtenir la informaci\u00f3 adequada. <\/p>\n<p>[\/et_pb_text][\/et_pb_column][\/et_pb_row][\/et_pb_section]<\/p>\n","protected":false},"excerpt":{"rendered":"<p>Declaraci\u00f3 d&#8217;AccessibilitatLaura Mu\u00f1oz s&#8217;ha comprom\u00e8s a fer accessible el seu lloc web, de conformitat amb el Reial decret 1112\/2018, de 7 de setembre, sobre accessibilitat dels llocs web i aplicacions per a dispositius m\u00f2bils. La present declaraci\u00f3 d&#8217;accessibilitat s&#8217;aplica al lloc web https:\/\/psicoterapialauramu\u00f1oz.com Situaci\u00f3 de compliment Aquest lloc web \u00e9s totalment conforme amb la norma [&hellip;]<\/p>\n","protected":false},"author":1,"featured_media":0,"parent":0,"menu_order":0,"comment_status":"closed","ping_status":"closed","template":"","meta":{"_et_pb_use_builder":"on","_et_pb_old_content":"","_et_gb_content_width":"","footnotes":""},"class_list":["post-1995","page","type-page","status-publish","hentry"],"_links":{"self":[{"href":"https:\/\/xn--psicoterapialauramuoz-ubc.com\/ca\/wp-json\/wp\/v2\/pages\/1995","targetHints":{"allow":["GET"]}}],"collection":[{"href":"https:\/\/xn--psicoterapialauramuoz-ubc.com\/ca\/wp-json\/wp\/v2\/pages"}],"about":[{"href":"https:\/\/xn--psicoterapialauramuoz-ubc.com\/ca\/wp-json\/wp\/v2\/types\/page"}],"author":[{"embeddable":true,"href":"https:\/\/xn--psicoterapialauramuoz-ubc.com\/ca\/wp-json\/wp\/v2\/users\/1"}],"replies":[{"embeddable":true,"href":"https:\/\/xn--psicoterapialauramuoz-ubc.com\/ca\/wp-json\/wp\/v2\/comments?post=1995"}],"version-history":[{"count":2,"href":"https:\/\/xn--psicoterapialauramuoz-ubc.com\/ca\/wp-json\/wp\/v2\/pages\/1995\/revisions"}],"predecessor-version":[{"id":1997,"href":"https:\/\/xn--psicoterapialauramuoz-ubc.com\/ca\/wp-json\/wp\/v2\/pages\/1995\/revisions\/1997"}],"wp:attachment":[{"href":"https:\/\/xn--psicoterapialauramuoz-ubc.com\/ca\/wp-json\/wp\/v2\/media?parent=1995"}],"curies":[{"name":"wp","href":"https:\/\/api.w.org\/{rel}","templated":true}]}}