{"id":1983,"date":"2019-01-08T23:23:36","date_gmt":"2019-01-08T22:23:36","guid":{"rendered":"https:\/\/xn--psicoterapialauramuoz-ubc.com\/contacte\/"},"modified":"2025-10-21T13:47:44","modified_gmt":"2025-10-21T11:47:44","slug":"contacte","status":"publish","type":"page","link":"https:\/\/xn--psicoterapialauramuoz-ubc.com\/ca\/contacte\/","title":{"rendered":"Contacte"},"content":{"rendered":"<p>[et_pb_section fb_built=&#8221;1&#8243; custom_padding_last_edited=&#8221;on|phone&#8221; _builder_version=&#8221;4.27.4&#8243; _module_preset=&#8221;default&#8221; use_background_color_gradient=&#8221;on&#8221; background_color_gradient_stops=&#8221;rgba(255,255,255,0.5) 21%|rgba(212,161,19,0.48) 100%&#8221; background_color_gradient_overlays_image=&#8221;on&#8221; background_image=&#8221;https:\/\/xn--psicoterapialauramuoz-ubc.com\/wp-content\/uploads\/2025\/03\/fondo-blog.jpg&#8221; parallax=&#8221;on&#8221; parallax_method=&#8221;off&#8221; custom_padding=&#8221;4em||5em||false|false&#8221; custom_padding_tablet=&#8221;2em||7em||false|false&#8221; custom_padding_phone=&#8221;2em||6em||false|false&#8221; locked=&#8221;off&#8221; global_colors_info=&#8221;{}&#8221;][et_pb_row use_custom_gutter=&#8221;on&#8221; _builder_version=&#8221;4.27.4&#8243; _module_preset=&#8221;default&#8221; custom_padding=&#8221;||0px||false|false&#8221; global_colors_info=&#8221;{}&#8221;][et_pb_column type=&#8221;4_4&#8243; _builder_version=&#8221;4.27.4&#8243; _module_preset=&#8221;default&#8221; global_colors_info=&#8221;{}&#8221;][et_pb_text _builder_version=&#8221;4.27.4&#8243; _module_preset=&#8221;default&#8221; header_font=&#8221;||||||||&#8221; header_font_size=&#8221;4em&#8221; header_line_height=&#8221;1.1em&#8221; header_font_size_tablet=&#8221;3em&#8221; header_font_size_phone=&#8221;1.7em&#8221; header_font_size_last_edited=&#8221;on|phone&#8221; global_colors_info=&#8221;{}&#8221;]<\/p>\n<h1>Contacte<\/h1>\n<p>[\/et_pb_text][\/et_pb_column][\/et_pb_row][\/et_pb_section][et_pb_section fb_built=&#8221;1&#8243; _builder_version=&#8221;4.27.4&#8243; _module_preset=&#8221;default&#8221; custom_padding=&#8221;0px||||false|false&#8221; locked=&#8221;off&#8221; global_colors_info=&#8221;{}&#8221;][et_pb_row column_structure=&#8221;3_5,2_5&#8243; _builder_version=&#8221;4.27.4&#8243; _module_preset=&#8221;default&#8221; custom_padding=&#8221;0px||0px||true|false&#8221; global_colors_info=&#8221;{}&#8221;][et_pb_column type=&#8221;3_5&#8243; _builder_version=&#8221;4.27.4&#8243; _module_preset=&#8221;default&#8221; custom_padding=&#8221;4em||||false|false&#8221; global_colors_info=&#8221;{}&#8221;][et_pb_text disabled_on=&#8221;off|off|on&#8221; _builder_version=&#8221;4.27.4&#8243; _module_preset=&#8221;default&#8221; background_color=&#8221;rgba(255,255,255,0.3)&#8221; background_image=&#8221;https:\/\/xn--psicoterapialauramuoz-ubc.com\/wp-content\/uploads\/2025\/03\/img-contacto.jpg&#8221; background_position=&#8221;top_center&#8221; background_blend=&#8221;overlay&#8221; custom_margin=&#8221;-13em||||false|false&#8221; custom_margin_tablet=&#8221;-8em||||false|false&#8221; custom_margin_phone=&#8221;-8em||||false|false&#8221; custom_margin_last_edited=&#8221;on|tablet&#8221; custom_padding=&#8221;58%||58%||true|false&#8221; filter_brightness=&#8221;120%&#8221; border_radii=&#8221;off|1000px|1000px||&#8221; locked=&#8221;off&#8221; global_colors_info=&#8221;{}&#8221;][\/et_pb_text][et_pb_text _builder_version=&#8221;4.27.4&#8243; _module_preset=&#8221;default&#8221; text_font=&#8221;||||||||&#8221; header_2_font=&#8221;|300|||||||&#8221; header_2_font_size=&#8221;2.5em&#8221; header_2_letter_spacing=&#8221;1px&#8221; header_2_line_height=&#8221;1.1em&#8221; text_orientation=&#8221;justified&#8221; locked=&#8221;off&#8221; global_colors_info=&#8221;{}&#8221;]<\/p>\n<p>Escriu-me a trav\u00e9s del formulari de contacte i et contestar\u00e9 personalment al m\u00e9s aviat possible.<\/p>\n<p>Si ho prefereixes pots escriure&#8217;m directament via email o WhatsApp<\/p>\n<p>[\/et_pb_text][et_pb_blurb title=&#8221;psicoterapialaura@gmail.com&#8221; url=&#8221;mailto:psicoterapialaura@gmail.com&#8221; use_icon=&#8221;on&#8221; font_icon=&#8221;&#xe076;||divi||400&#8243; icon_color=&#8221;#FFFFFF&#8221; image_icon_background_color=&#8221;#E47D89&#8243; icon_placement=&#8221;left&#8221; image_icon_width=&#8221;20px&#8221; content_max_width=&#8221;100%&#8221; image_icon_width_tablet=&#8221;20px&#8221; image_icon_width_phone=&#8221;14px&#8221; image_icon_width_last_edited=&#8221;on|phone&#8221; _builder_version=&#8221;4.27.4&#8243; _module_preset=&#8221;default&#8221; header_level=&#8221;h2&#8243; header_font_size=&#8221;1em&#8221; header_line_height=&#8221;1.3em&#8221; body_font=&#8221;&#8211;et_global_heading_font||||||||&#8221; body_text_color=&#8221;#333333&#8243; body_font_size=&#8221;22px&#8221; body_line_height=&#8221;1.4em&#8221; image_icon_custom_padding=&#8221;8px|8px|8px|8px|true|true&#8221; custom_padding_tablet=&#8221;|2em||2em|false|true&#8221; custom_padding_phone=&#8221;|1em||1em|false|true&#8221; custom_padding_last_edited=&#8221;off|desktop&#8221; header_font_size_tablet=&#8221;1em&#8221; header_font_size_phone=&#8221;0.9em&#8221; header_font_size_last_edited=&#8221;on|phone&#8221; border_radii_image=&#8221;on|25px|25px|25px|25px&#8221; locked=&#8221;off&#8221; global_colors_info=&#8221;{}&#8221;][\/et_pb_blurb][et_pb_blurb title=&#8221;+34 655 210 781&#8243; url=&#8221;https:\/\/wa.me\/34655210781&#8243; use_icon=&#8221;on&#8221; font_icon=&#8221;&#xf232;||fa||400&#8243; icon_color=&#8221;#FFFFFF&#8221; image_icon_background_color=&#8221;#E47D89&#8243; icon_placement=&#8221;left&#8221; image_icon_width=&#8221;20px&#8221; content_max_width=&#8221;100%&#8221; image_icon_width_tablet=&#8221;20px&#8221; image_icon_width_phone=&#8221;16px&#8221; image_icon_width_last_edited=&#8221;on|phone&#8221; _builder_version=&#8221;4.27.4&#8243; _module_preset=&#8221;default&#8221; header_level=&#8221;h2&#8243; header_font_size=&#8221;1em&#8221; header_line_height=&#8221;1.5em&#8221; body_font=&#8221;&#8211;et_global_heading_font||||||||&#8221; body_text_color=&#8221;#333333&#8243; body_font_size=&#8221;22px&#8221; body_line_height=&#8221;1.4em&#8221; image_icon_custom_padding=&#8221;8px|9px|8px|9px|true|true&#8221; custom_padding_tablet=&#8221;|2em||2em|false|true&#8221; custom_padding_phone=&#8221;|1em||1em|false|true&#8221; custom_padding_last_edited=&#8221;off|desktop&#8221; border_radii_image=&#8221;on|25px|25px|25px|25px&#8221; locked=&#8221;off&#8221; global_colors_info=&#8221;{}&#8221;][\/et_pb_blurb][et_pb_blurb title=&#8221;Consultes&#8221; url=&#8221;tel:+34655210781&#8243; use_icon=&#8221;on&#8221; font_icon=&#8221;&#xf1d7;||fa||400&#8243; icon_color=&#8221;#FFFFFF&#8221; image_icon_background_color=&#8221;#E47D89&#8243; icon_placement=&#8221;left&#8221; image_icon_width=&#8221;20px&#8221; content_max_width=&#8221;100%&#8221; image_icon_width_tablet=&#8221;20px&#8221; image_icon_width_phone=&#8221;14px&#8221; image_icon_width_last_edited=&#8221;on|phone&#8221; _builder_version=&#8221;4.27.4&#8243; _module_preset=&#8221;default&#8221; header_level=&#8221;h2&#8243; header_font_size=&#8221;1.2em&#8221; header_line_height=&#8221;1.3em&#8221; body_line_height=&#8221;1.4em&#8221; image_icon_custom_padding=&#8221;8px|7px|8px|7px|true|true&#8221; custom_padding_tablet=&#8221;|2em||2em|false|true&#8221; custom_padding_phone=&#8221;|1em||1em|false|true&#8221; custom_padding_last_edited=&#8221;off|desktop&#8221; header_font_size_tablet=&#8221;1.2em&#8221; header_font_size_phone=&#8221;1.1em&#8221; header_font_size_last_edited=&#8221;on|phone&#8221; border_radii_image=&#8221;on|25px|25px|25px|25px&#8221; locked=&#8221;off&#8221; global_colors_info=&#8221;{}&#8221;]<\/p>\n<p>A Barcelona i en l\u00ednia<br \/>(en castell\u00e0 i en catal\u00e0).<\/p>\n<p>Atenci\u00f3 amb cita pr\u00e8via.<\/p>\n<p>[\/et_pb_blurb][\/et_pb_column][et_pb_column type=&#8221;2_5&#8243; _builder_version=&#8221;4.27.4&#8243; _module_preset=&#8221;default&#8221; global_colors_info=&#8221;{}&#8221;][et_pb_text disabled_on=&#8221;on|on|off&#8221; _builder_version=&#8221;4.27.4&#8243; _module_preset=&#8221;default&#8221; background_color=&#8221;rgba(255,255,255,0.3)&#8221; background_image=&#8221;https:\/\/xn--psicoterapialauramuoz-ubc.com\/wp-content\/uploads\/2025\/03\/img-contacto.jpg&#8221; background_position=&#8221;top_center&#8221; background_blend=&#8221;overlay&#8221; custom_margin=&#8221;-13em||||false|false&#8221; custom_padding=&#8221;58%||58%||true|false&#8221; filter_brightness=&#8221;120%&#8221; border_radii=&#8221;off|1000px|1000px||&#8221; global_colors_info=&#8221;{}&#8221;][\/et_pb_text][\/et_pb_column][\/et_pb_row][\/et_pb_section][et_pb_section fb_built=&#8221;1&#8243; _builder_version=&#8221;4.27.4&#8243; _module_preset=&#8221;default&#8221; custom_padding=&#8221;0px||0px||true|false&#8221; global_colors_info=&#8221;{}&#8221;][et_pb_row use_custom_gutter=&#8221;on&#8221; gutter_width=&#8221;1&#8243; custom_padding_last_edited=&#8221;on|phone&#8221; _builder_version=&#8221;4.27.4&#8243; _module_preset=&#8221;default&#8221; background_color=&#8221;rgba(212,161,19,0.25)&#8221; custom_padding=&#8221;4em|5em|4em|5em|true|true&#8221; custom_padding_tablet=&#8221;4em|5em|4em|5em|true|true&#8221; custom_padding_phone=&#8221;2em|2em|2em|2em|true|true&#8221; locked=&#8221;off&#8221; global_colors_info=&#8221;{}&#8221;][et_pb_column type=&#8221;4_4&#8243; _builder_version=&#8221;4.27.4&#8243; _module_preset=&#8221;default&#8221; global_colors_info=&#8221;{}&#8221;][et_pb_text _builder_version=&#8221;4.27.4&#8243; _module_preset=&#8221;default&#8221; text_font=&#8221;||||||||&#8221; header_2_font=&#8221;|300|||||||&#8221; header_2_font_size=&#8221;2.5em&#8221; header_2_letter_spacing=&#8221;1px&#8221; header_2_line_height=&#8221;1.2em&#8221; text_orientation=&#8221;center&#8221; hover_enabled=&#8221;0&#8243; header_2_font_size_tablet=&#8221;2.5em&#8221; header_2_font_size_phone=&#8221;1.5em&#8221; header_2_font_size_last_edited=&#8221;on|phone&#8221; locked=&#8221;off&#8221; global_colors_info=&#8221;{}&#8221; sticky_enabled=&#8221;0&#8243;]<\/p>\n<h2><strong>Primera trobada gratu\u00efta<\/strong><\/h2>\n<p>Aquesta trobada \u00e9s <strong>en l\u00ednia<\/strong> i t\u00e9 una durada de <strong>20 minutos<\/strong> aproximadament.<\/p>\n<p>[\/et_pb_text][\/et_pb_column][\/et_pb_row][\/et_pb_section][et_pb_section fb_built=&#8221;1&#8243; _builder_version=&#8221;4.16&#8243; global_colors_info=&#8221;{}&#8221;][et_pb_row column_structure=&#8221;1_5,3_5,1_5&#8243; _builder_version=&#8221;4.16&#8243; global_colors_info=&#8221;{}&#8221;][et_pb_column type=&#8221;1_5&#8243; _builder_version=&#8221;4.16&#8243; global_colors_info=&#8221;{}&#8221;][\/et_pb_column][et_pb_column type=&#8221;3_5&#8243; _builder_version=&#8221;4.16&#8243; global_colors_info=&#8221;{}&#8221;][et_pb_contact_form captcha=&#8221;off&#8221; email=&#8221;psicoterapialaura@gmail.com&#8221; custom_message=&#8221;Missatge rebut des del formulari de contacte de la web.||et_pb_line_break_holder||||et_pb_line_break_holder||Nombre: %%nombre%%||et_pb_line_break_holder||Telf.: %%telefono%%||et_pb_line_break_holder||Email: %%email%%||et_pb_line_break_holder||Mensaje: %%mensaje%%||et_pb_line_break_holder||Privacidad: %%privacidad%%&#8221; success_message=&#8221;Gr\u00e0cies per contactar-me.&#8221; _builder_version=&#8221;4.27.4&#8243; _unique_id=&#8221;e89ef7dc-f98f-49eb-8cf0-86a2f6a44b1e&#8221; form_field_background_color=&#8221;#FFFFFF&#8221; form_field_focus_background_color=&#8221;#FFFFFF&#8221; custom_button=&#8221;on&#8221; button_text_size=&#8221;16px&#8221; button_text_color=&#8221;#FFFFFF&#8221; button_bg_color=&#8221;#000000&#8243; button_border_width=&#8221;0px&#8221; button_border_radius=&#8221;0px&#8221; button_letter_spacing=&#8221;3px&#8221; button_font=&#8221;|600||on|||||&#8221; button_icon=&#8221;&#x24;||divi||400&#8243; button_custom_padding=&#8221;1em|2em|1em|2em|true|true&#8221; border_width_all=&#8221;1px&#8221; global_colors_info=&#8221;{}&#8221;][et_pb_contact_field field_id=&#8221;nombre&#8221; field_title=&#8221;Nom&#8221; _builder_version=&#8221;4.16&#8243; global_colors_info=&#8221;{}&#8221; button_text_size__hover_enabled=&#8221;off&#8221; button_one_text_size__hover_enabled=&#8221;off&#8221; button_two_text_size__hover_enabled=&#8221;off&#8221; button_text_color__hover_enabled=&#8221;off&#8221; button_one_text_color__hover_enabled=&#8221;off&#8221; button_two_text_color__hover_enabled=&#8221;off&#8221; button_border_width__hover_enabled=&#8221;off&#8221; button_one_border_width__hover_enabled=&#8221;off&#8221; button_two_border_width__hover_enabled=&#8221;off&#8221; button_border_color__hover_enabled=&#8221;off&#8221; button_one_border_color__hover_enabled=&#8221;off&#8221; button_two_border_color__hover_enabled=&#8221;off&#8221; button_border_radius__hover_enabled=&#8221;off&#8221; button_one_border_radius__hover_enabled=&#8221;off&#8221; button_two_border_radius__hover_enabled=&#8221;off&#8221; button_letter_spacing__hover_enabled=&#8221;off&#8221; button_one_letter_spacing__hover_enabled=&#8221;off&#8221; button_two_letter_spacing__hover_enabled=&#8221;off&#8221; button_bg_color__hover_enabled=&#8221;off&#8221; button_one_bg_color__hover_enabled=&#8221;off&#8221; button_two_bg_color__hover_enabled=&#8221;off&#8221;][\/et_pb_contact_field][et_pb_contact_field field_id=&#8221;telefono&#8221; field_title=&#8221;Tel\u00e8fon&#8221; required_mark=&#8221;off&#8221; _builder_version=&#8221;4.27.4&#8243; global_colors_info=&#8221;{}&#8221; button_text_size__hover_enabled=&#8221;off&#8221; button_one_text_size__hover_enabled=&#8221;off&#8221; button_two_text_size__hover_enabled=&#8221;off&#8221; button_text_color__hover_enabled=&#8221;off&#8221; button_one_text_color__hover_enabled=&#8221;off&#8221; button_two_text_color__hover_enabled=&#8221;off&#8221; button_border_width__hover_enabled=&#8221;off&#8221; button_one_border_width__hover_enabled=&#8221;off&#8221; button_two_border_width__hover_enabled=&#8221;off&#8221; button_border_color__hover_enabled=&#8221;off&#8221; button_one_border_color__hover_enabled=&#8221;off&#8221; button_two_border_color__hover_enabled=&#8221;off&#8221; button_border_radius__hover_enabled=&#8221;off&#8221; button_one_border_radius__hover_enabled=&#8221;off&#8221; button_two_border_radius__hover_enabled=&#8221;off&#8221; button_letter_spacing__hover_enabled=&#8221;off&#8221; button_one_letter_spacing__hover_enabled=&#8221;off&#8221; button_two_letter_spacing__hover_enabled=&#8221;off&#8221; button_bg_color__hover_enabled=&#8221;off&#8221; button_one_bg_color__hover_enabled=&#8221;off&#8221; button_two_bg_color__hover_enabled=&#8221;off&#8221;][\/et_pb_contact_field][et_pb_contact_field field_id=&#8221;email&#8221; field_title=&#8221;Adre\u00e7a de correu electr\u00f2nic&#8221; field_type=&#8221;email&#8221; fullwidth_field=&#8221;on&#8221; _builder_version=&#8221;4.27.4&#8243; global_colors_info=&#8221;{}&#8221; button_text_size__hover_enabled=&#8221;off&#8221; button_one_text_size__hover_enabled=&#8221;off&#8221; button_two_text_size__hover_enabled=&#8221;off&#8221; button_text_color__hover_enabled=&#8221;off&#8221; button_one_text_color__hover_enabled=&#8221;off&#8221; button_two_text_color__hover_enabled=&#8221;off&#8221; button_border_width__hover_enabled=&#8221;off&#8221; button_one_border_width__hover_enabled=&#8221;off&#8221; button_two_border_width__hover_enabled=&#8221;off&#8221; button_border_color__hover_enabled=&#8221;off&#8221; button_one_border_color__hover_enabled=&#8221;off&#8221; button_two_border_color__hover_enabled=&#8221;off&#8221; button_border_radius__hover_enabled=&#8221;off&#8221; button_one_border_radius__hover_enabled=&#8221;off&#8221; button_two_border_radius__hover_enabled=&#8221;off&#8221; button_letter_spacing__hover_enabled=&#8221;off&#8221; button_one_letter_spacing__hover_enabled=&#8221;off&#8221; button_two_letter_spacing__hover_enabled=&#8221;off&#8221; button_bg_color__hover_enabled=&#8221;off&#8221; button_one_bg_color__hover_enabled=&#8221;off&#8221; button_two_bg_color__hover_enabled=&#8221;off&#8221;][\/et_pb_contact_field][et_pb_contact_field field_id=&#8221;mensaje&#8221; field_title=&#8221;Missatge&#8221; field_type=&#8221;text&#8221; fullwidth_field=&#8221;on&#8221; _builder_version=&#8221;4.27.4&#8243; global_colors_info=&#8221;{}&#8221; button_text_size__hover_enabled=&#8221;off&#8221; button_one_text_size__hover_enabled=&#8221;off&#8221; button_two_text_size__hover_enabled=&#8221;off&#8221; button_text_color__hover_enabled=&#8221;off&#8221; button_one_text_color__hover_enabled=&#8221;off&#8221; button_two_text_color__hover_enabled=&#8221;off&#8221; button_border_width__hover_enabled=&#8221;off&#8221; button_one_border_width__hover_enabled=&#8221;off&#8221; button_two_border_width__hover_enabled=&#8221;off&#8221; button_border_color__hover_enabled=&#8221;off&#8221; button_one_border_color__hover_enabled=&#8221;off&#8221; button_two_border_color__hover_enabled=&#8221;off&#8221; button_border_radius__hover_enabled=&#8221;off&#8221; button_one_border_radius__hover_enabled=&#8221;off&#8221; button_two_border_radius__hover_enabled=&#8221;off&#8221; button_letter_spacing__hover_enabled=&#8221;off&#8221; button_one_letter_spacing__hover_enabled=&#8221;off&#8221; button_two_letter_spacing__hover_enabled=&#8221;off&#8221; button_bg_color__hover_enabled=&#8221;off&#8221; button_one_bg_color__hover_enabled=&#8221;off&#8221; button_two_bg_color__hover_enabled=&#8221;off&#8221;][\/et_pb_contact_field][et_pb_contact_field field_id=&#8221;privacidad&#8221; field_title=&#8221;Tractament de les meves dades personals&#8221; field_type=&#8221;checkbox&#8221; checkbox_options=&#8221;%91{%22value%22:%22He llegit i accepto la pol\u00edtica de privacitat.%22,%22checked%22:0,%22dragID%22:-1}%93&#8243; fullwidth_field=&#8221;on&#8221; _builder_version=&#8221;4.27.4&#8243; form_field_font_size=&#8221;13px&#8221; global_colors_info=&#8221;{}&#8221;][\/et_pb_contact_field][\/et_pb_contact_form][et_pb_text _builder_version=&#8221;4.27.4&#8243; text_font_size=&#8221;13px&#8221; link_font=&#8221;|600|||on||||&#8221; link_text_color=&#8221;#000000&#8243; text_line_height_tablet=&#8221;&#8221; text_line_height_phone=&#8221;1.5em&#8221; text_line_height_last_edited=&#8221;on|phone&#8221; global_colors_info=&#8221;{}&#8221;]<\/p>\n<p><strong><br \/><span>Responsable del tractament<\/span><\/strong>: Laura Mu\u00f1oz Hurtado. <strong><span>Finalitat: <\/span><\/strong>Enviament de la informaci\u00f3 sol\u00b7licitada. <strong><span>Legitimaci\u00f3<\/span><\/strong>: Consentiment de l&#8217;interessat. <strong><span>Destinataris<\/span><\/strong>: no se cediran dades a tercers, excepte autoritzaci\u00f3 expressa o obligaci\u00f3 legal. <strong>Drets:<\/strong> accedir, rectificar i suprimir les dades, aix\u00ed com els altres detallats en la <a href=\"\/ca\/politica-de-privacitat\/\">pol\u00edtica de privacitat<\/a><\/p>\n<p>[\/et_pb_text][\/et_pb_column][et_pb_column type=&#8221;1_5&#8243; _builder_version=&#8221;4.16&#8243; global_colors_info=&#8221;{}&#8221;][\/et_pb_column][\/et_pb_row][\/et_pb_section]<\/p>\n","protected":false},"excerpt":{"rendered":"<p>ContacteEscriu-me a trav\u00e9s del formulari de contacte i et contestar\u00e9 personalment al m\u00e9s aviat possible. Si ho prefereixes pots escriure&#8217;m directament via email o WhatsAppA Barcelona i en l\u00ednia(en castell\u00e0 i en catal\u00e0). Atenci\u00f3 amb cita pr\u00e8via.Primera trobada gratu\u00efta Aquesta trobada \u00e9s en l\u00ednia i t\u00e9 una durada de 20 minutos aproximadament.Responsable del tractament: Laura [&hellip;]<\/p>\n","protected":false},"author":1,"featured_media":0,"parent":0,"menu_order":0,"comment_status":"closed","ping_status":"closed","template":"","meta":{"_et_pb_use_builder":"on","_et_pb_old_content":"","_et_gb_content_width":"","footnotes":""},"class_list":["post-1983","page","type-page","status-publish","hentry"],"_links":{"self":[{"href":"https:\/\/xn--psicoterapialauramuoz-ubc.com\/ca\/wp-json\/wp\/v2\/pages\/1983","targetHints":{"allow":["GET"]}}],"collection":[{"href":"https:\/\/xn--psicoterapialauramuoz-ubc.com\/ca\/wp-json\/wp\/v2\/pages"}],"about":[{"href":"https:\/\/xn--psicoterapialauramuoz-ubc.com\/ca\/wp-json\/wp\/v2\/types\/page"}],"author":[{"embeddable":true,"href":"https:\/\/xn--psicoterapialauramuoz-ubc.com\/ca\/wp-json\/wp\/v2\/users\/1"}],"replies":[{"embeddable":true,"href":"https:\/\/xn--psicoterapialauramuoz-ubc.com\/ca\/wp-json\/wp\/v2\/comments?post=1983"}],"version-history":[{"count":6,"href":"https:\/\/xn--psicoterapialauramuoz-ubc.com\/ca\/wp-json\/wp\/v2\/pages\/1983\/revisions"}],"predecessor-version":[{"id":2048,"href":"https:\/\/xn--psicoterapialauramuoz-ubc.com\/ca\/wp-json\/wp\/v2\/pages\/1983\/revisions\/2048"}],"wp:attachment":[{"href":"https:\/\/xn--psicoterapialauramuoz-ubc.com\/ca\/wp-json\/wp\/v2\/media?parent=1983"}],"curies":[{"name":"wp","href":"https:\/\/api.w.org\/{rel}","templated":true}]}}